{"id":533,"date":"2023-12-04T22:21:20","date_gmt":"2023-12-04T21:21:20","guid":{"rendered":"https:\/\/nympnuo.cluster028.hosting.ovh.net\/?page_id=533"},"modified":"2023-12-04T22:28:09","modified_gmt":"2023-12-04T21:28:09","slug":"venir-a-charenton","status":"publish","type":"page","link":"http:\/\/www.moveandgolf.com\/index.php\/venir-a-charenton\/","title":{"rendered":"Venir \u00e0 Charenton"},"content":{"rendered":"\n<p class=\"has-black-color has-text-color has-link-color has-medium-font-size wp-elements-9dfda1c846fee2d946afa1f1cd410b3b\">En transports en commun, le cabinet est desservi par :<\/p>\n\n\n\n<h4 class=\"wp-block-heading has-large-font-size\">M\u00e9tro \u2013 Charenton-Ecoles (ligne 8)<\/h4>\n\n\n\n<p class=\"has-black-color has-text-color has-link-color has-medium-font-size wp-elements-4af4a133dbaf96a4e697b6fa5fbd5876\">Bus \u2013 Charenton-Ecoles-Metro (ligne 111)<br>Bus \u2013 Charenton \u2013 Ecoles (ligne 325)<\/p>\n\n\n\n<p class=\"has-medium-font-size\">Le cabinet se trouve en rez-de-chauss\u00e9e<\/p>\n\n\n\n<h4 class=\"wp-block-heading has-black-color has-text-color has-link-color has-medium-font-size wp-elements-8f38da9dbe8a47138c3fb70bbed0584c\">En v\u00e9hicule :<\/h4>\n\n\n\n<p class=\"has-black-color has-text-color has-link-color has-medium-font-size wp-elements-95b65bcaca9893f4c518fe0e2859bd9e\">Stationnement payant \u00e0 proximit\u00e9<\/p>\n\n\n","protected":false},"excerpt":{"rendered":"<p>En transports en commun, le cabinet est desservi par : M\u00e9tro \u2013 Charenton-Ecoles (ligne 8) Bus \u2013 Charenton-Ecoles-Metro (ligne 111)Bus \u2013 Charenton \u2013 Ecoles (ligne 325) Le cabinet se trouve en rez-de-chauss\u00e9e En v\u00e9hicule : Stationnement payant \u00e0 proximit\u00e9<\/p>\n","protected":false},"author":1,"featured_media":0,"parent":0,"menu_order":0,"comment_status":"closed","ping_status":"closed","template":"","meta":{"_monsterinsights_skip_tracking":false,"_monsterinsights_sitenote_active":false,"_monsterinsights_sitenote_note":"","_monsterinsights_sitenote_category":0,"footnotes":""},"class_list":["post-533","page","type-page","status-publish","hentry"],"aioseo_notices":[],"yoast_head":"<!-- This site is optimized with the Yoast SEO plugin v21.8 - https:\/\/yoast.com\/wordpress\/plugins\/seo\/ -->\n<title>Venir \u00e0 Charenton - Move and Golf<\/title>\n<meta name=\"robots\" content=\"index, follow, max-snippet:-1, max-image-preview:large, max-video-preview:-1\" \/>\n<link rel=\"canonical\" href=\"http:\/\/www.moveandgolf.com\/index.php\/venir-a-charenton\/\" \/>\n<meta property=\"og:locale\" content=\"en_US\" \/>\n<meta property=\"og:type\" content=\"article\" \/>\n<meta property=\"og:title\" content=\"Venir \u00e0 Charenton - Move and Golf\" \/>\n<meta property=\"og:description\" content=\"En transports en commun, le cabinet est desservi par : M\u00e9tro \u2013 Charenton-Ecoles (ligne 8) Bus \u2013 Charenton-Ecoles-Metro (ligne 111)Bus \u2013 Charenton \u2013 Ecoles (ligne 325) Le cabinet se trouve en rez-de-chauss\u00e9e En v\u00e9hicule : Stationnement payant \u00e0 proximit\u00e9\" \/>\n<meta property=\"og:url\" content=\"http:\/\/www.moveandgolf.com\/index.php\/venir-a-charenton\/\" \/>\n<meta property=\"og:site_name\" content=\"Move and Golf\" \/>\n<meta property=\"article:modified_time\" content=\"2023-12-04T21:28:09+00:00\" \/>\n<meta name=\"twitter:card\" content=\"summary_large_image\" \/>\n<meta name=\"twitter:label1\" content=\"Est. reading time\" \/>\n\t<meta name=\"twitter:data1\" content=\"1 minute\" \/>\n<script type=\"application\/ld+json\" class=\"yoast-schema-graph\">{\"@context\":\"https:\/\/schema.org\",\"@graph\":[{\"@type\":\"WebPage\",\"@id\":\"http:\/\/www.moveandgolf.com\/index.php\/venir-a-charenton\/\",\"url\":\"http:\/\/www.moveandgolf.com\/index.php\/venir-a-charenton\/\",\"name\":\"Venir \u00e0 Charenton - Move and Golf\",\"isPartOf\":{\"@id\":\"http:\/\/www.moveandgolf.com\/#website\"},\"datePublished\":\"2023-12-04T21:21:20+00:00\",\"dateModified\":\"2023-12-04T21:28:09+00:00\",\"breadcrumb\":{\"@id\":\"http:\/\/www.moveandgolf.com\/index.php\/venir-a-charenton\/#breadcrumb\"},\"inLanguage\":\"en-US\",\"potentialAction\":[{\"@type\":\"ReadAction\",\"target\":[\"http:\/\/www.moveandgolf.com\/index.php\/venir-a-charenton\/\"]}]},{\"@type\":\"BreadcrumbList\",\"@id\":\"http:\/\/www.moveandgolf.com\/index.php\/venir-a-charenton\/#breadcrumb\",\"itemListElement\":[{\"@type\":\"ListItem\",\"position\":1,\"name\":\"Accueil\",\"item\":\"http:\/\/www.moveandgolf.com\/\"},{\"@type\":\"ListItem\",\"position\":2,\"name\":\"Venir \u00e0 Charenton\"}]},{\"@type\":\"WebSite\",\"@id\":\"http:\/\/www.moveandgolf.com\/#website\",\"url\":\"http:\/\/www.moveandgolf.com\/\",\"name\":\"Move and Golf\",\"description\":\"Sylvain Deroo\",\"publisher\":{\"@id\":\"http:\/\/www.moveandgolf.com\/#organization\"},\"potentialAction\":[{\"@type\":\"SearchAction\",\"target\":{\"@type\":\"EntryPoint\",\"urlTemplate\":\"http:\/\/www.moveandgolf.com\/?s={search_term_string}\"},\"query-input\":\"required name=search_term_string\"}],\"inLanguage\":\"en-US\"},{\"@type\":\"Organization\",\"@id\":\"http:\/\/www.moveandgolf.com\/#organization\",\"name\":\"Move and Golf\",\"url\":\"http:\/\/www.moveandgolf.com\/\",\"logo\":{\"@type\":\"ImageObject\",\"inLanguage\":\"en-US\",\"@id\":\"http:\/\/www.moveandgolf.com\/#\/schema\/logo\/image\/\",\"url\":\"http:\/\/www.moveandgolf.com\/wp-content\/uploads\/2023\/12\/Noir-et-Blanc-Encadre-Future-DJ-Logo.png\",\"contentUrl\":\"http:\/\/www.moveandgolf.com\/wp-content\/uploads\/2023\/12\/Noir-et-Blanc-Encadre-Future-DJ-Logo.png\",\"width\":500,\"height\":500,\"caption\":\"Move and Golf\"},\"image\":{\"@id\":\"http:\/\/www.moveandgolf.com\/#\/schema\/logo\/image\/\"}}]}<\/script>\n<!-- \/ Yoast SEO plugin. -->","yoast_head_json":{"title":"Venir \u00e0 Charenton - Move and Golf","robots":{"index":"index","follow":"follow","max-snippet":"max-snippet:-1","max-image-preview":"max-image-preview:large","max-video-preview":"max-video-preview:-1"},"canonical":"http:\/\/www.moveandgolf.com\/index.php\/venir-a-charenton\/","og_locale":"en_US","og_type":"article","og_title":"Venir \u00e0 Charenton - Move and Golf","og_description":"En transports en commun, le cabinet est desservi par : M\u00e9tro \u2013 Charenton-Ecoles (ligne 8) Bus \u2013 Charenton-Ecoles-Metro (ligne 111)Bus \u2013 Charenton \u2013 Ecoles (ligne 325) Le cabinet se trouve en rez-de-chauss\u00e9e En v\u00e9hicule : Stationnement payant \u00e0 proximit\u00e9","og_url":"http:\/\/www.moveandgolf.com\/index.php\/venir-a-charenton\/","og_site_name":"Move and Golf","article_modified_time":"2023-12-04T21:28:09+00:00","twitter_card":"summary_large_image","twitter_misc":{"Est. reading time":"1 minute"},"schema":{"@context":"https:\/\/schema.org","@graph":[{"@type":"WebPage","@id":"http:\/\/www.moveandgolf.com\/index.php\/venir-a-charenton\/","url":"http:\/\/www.moveandgolf.com\/index.php\/venir-a-charenton\/","name":"Venir \u00e0 Charenton - Move and Golf","isPartOf":{"@id":"http:\/\/www.moveandgolf.com\/#website"},"datePublished":"2023-12-04T21:21:20+00:00","dateModified":"2023-12-04T21:28:09+00:00","breadcrumb":{"@id":"http:\/\/www.moveandgolf.com\/index.php\/venir-a-charenton\/#breadcrumb"},"inLanguage":"en-US","potentialAction":[{"@type":"ReadAction","target":["http:\/\/www.moveandgolf.com\/index.php\/venir-a-charenton\/"]}]},{"@type":"BreadcrumbList","@id":"http:\/\/www.moveandgolf.com\/index.php\/venir-a-charenton\/#breadcrumb","itemListElement":[{"@type":"ListItem","position":1,"name":"Accueil","item":"http:\/\/www.moveandgolf.com\/"},{"@type":"ListItem","position":2,"name":"Venir \u00e0 Charenton"}]},{"@type":"WebSite","@id":"http:\/\/www.moveandgolf.com\/#website","url":"http:\/\/www.moveandgolf.com\/","name":"Move and Golf","description":"Sylvain Deroo","publisher":{"@id":"http:\/\/www.moveandgolf.com\/#organization"},"potentialAction":[{"@type":"SearchAction","target":{"@type":"EntryPoint","urlTemplate":"http:\/\/www.moveandgolf.com\/?s={search_term_string}"},"query-input":"required name=search_term_string"}],"inLanguage":"en-US"},{"@type":"Organization","@id":"http:\/\/www.moveandgolf.com\/#organization","name":"Move and Golf","url":"http:\/\/www.moveandgolf.com\/","logo":{"@type":"ImageObject","inLanguage":"en-US","@id":"http:\/\/www.moveandgolf.com\/#\/schema\/logo\/image\/","url":"http:\/\/www.moveandgolf.com\/wp-content\/uploads\/2023\/12\/Noir-et-Blanc-Encadre-Future-DJ-Logo.png","contentUrl":"http:\/\/www.moveandgolf.com\/wp-content\/uploads\/2023\/12\/Noir-et-Blanc-Encadre-Future-DJ-Logo.png","width":500,"height":500,"caption":"Move and Golf"},"image":{"@id":"http:\/\/www.moveandgolf.com\/#\/schema\/logo\/image\/"}}]}},"_links":{"self":[{"href":"http:\/\/www.moveandgolf.com\/index.php\/wp-json\/wp\/v2\/pages\/533","targetHints":{"allow":["GET"]}}],"collection":[{"href":"http:\/\/www.moveandgolf.com\/index.php\/wp-json\/wp\/v2\/pages"}],"about":[{"href":"http:\/\/www.moveandgolf.com\/index.php\/wp-json\/wp\/v2\/types\/page"}],"author":[{"embeddable":true,"href":"http:\/\/www.moveandgolf.com\/index.php\/wp-json\/wp\/v2\/users\/1"}],"replies":[{"embeddable":true,"href":"http:\/\/www.moveandgolf.com\/index.php\/wp-json\/wp\/v2\/comments?post=533"}],"version-history":[{"count":4,"href":"http:\/\/www.moveandgolf.com\/index.php\/wp-json\/wp\/v2\/pages\/533\/revisions"}],"predecessor-version":[{"id":540,"href":"http:\/\/www.moveandgolf.com\/index.php\/wp-json\/wp\/v2\/pages\/533\/revisions\/540"}],"wp:attachment":[{"href":"http:\/\/www.moveandgolf.com\/index.php\/wp-json\/wp\/v2\/media?parent=533"}],"curies":[{"name":"wp","href":"https:\/\/api.w.org\/{rel}","templated":true}]}}