{"id":210,"date":"2023-11-29T12:02:04","date_gmt":"2023-11-29T11:02:04","guid":{"rendered":"https:\/\/nympnuo.cluster028.hosting.ovh.net\/?page_id=210"},"modified":"2024-02-18T21:05:02","modified_gmt":"2024-02-18T20:05:02","slug":"avant","status":"publish","type":"page","link":"https:\/\/www.moveandgolf.com\/index.php\/avant\/","title":{"rendered":"Se pr\u00e9parer au jeu"},"content":{"rendered":"\n<hr class=\"wp-block-separator has-alpha-channel-opacity is-style-wide\"\/>\n\n\n\n<div class=\"wp-block-cover has-parallax wp-duotone-unset-1\"><span aria-hidden=\"true\" class=\"wp-block-cover__background has-background-dim-40 has-background-dim\"><\/span><div role=\"img\" class=\"wp-block-cover__image-background wp-image-414 has-parallax\" style=\"background-position:50% 50%;background-image:url(http:\/\/nympnuo.cluster028.hosting.ovh.net\/wp-content\/uploads\/2023\/11\/backgorund_transp_60.png)\"><\/div><div class=\"wp-block-cover__inner-container is-layout-constrained wp-block-cover-is-layout-constrained\">\n<p class=\"has-text-align-center has-background has-large-font-size\" style=\"background:linear-gradient(135deg,rgb(122,220,180) 26%,rgb(0,208,130) 78%)\">Se pr\u00e9parer au jeu<\/p>\n\n\n\n<div class=\"wp-block-cover alignfull is-light\" style=\"min-height:533px;aspect-ratio:unset;\"><span aria-hidden=\"true\" class=\"wp-block-cover__background has-light-green-cyan-background-color has-background-dim-100 has-background-dim\"><\/span><div class=\"wp-block-cover__inner-container is-layout-flow wp-block-cover-is-layout-flow\">\n<div class=\"wp-block-columns alignwide are-vertically-aligned-center has-light-green-cyan-background-color has-background is-layout-flex wp-container-core-columns-is-layout-9d6595d7 wp-block-columns-is-layout-flex\">\n<div class=\"wp-block-column has-medium-font-size is-layout-flow wp-block-column-is-layout-flow\" style=\"flex-basis:50%\">\n<figure class=\"wp-block-image alignfull size-full is-style-default\"><img loading=\"lazy\" decoding=\"async\" width=\"2560\" height=\"1707\" src=\"http:\/\/www.moveandgolf.com\/wp-content\/uploads\/2023\/12\/Se-preparer-drapeau-rouge-scaled.jpg\" alt=\"\" class=\"wp-image-633\" srcset=\"https:\/\/www.moveandgolf.com\/wp-content\/uploads\/2023\/12\/Se-preparer-drapeau-rouge-scaled.jpg 2560w, https:\/\/www.moveandgolf.com\/wp-content\/uploads\/2023\/12\/Se-preparer-drapeau-rouge-300x200.jpg 300w, https:\/\/www.moveandgolf.com\/wp-content\/uploads\/2023\/12\/Se-preparer-drapeau-rouge-1024x683.jpg 1024w, https:\/\/www.moveandgolf.com\/wp-content\/uploads\/2023\/12\/Se-preparer-drapeau-rouge-768x512.jpg 768w, https:\/\/www.moveandgolf.com\/wp-content\/uploads\/2023\/12\/Se-preparer-drapeau-rouge-1536x1024.jpg 1536w, https:\/\/www.moveandgolf.com\/wp-content\/uploads\/2023\/12\/Se-preparer-drapeau-rouge-2048x1365.jpg 2048w\" sizes=\"auto, (max-width: 2560px) 100vw, 2560px\" \/><\/figure>\n<\/div>\n\n\n\n<div class=\"wp-block-column is-layout-flow wp-block-column-is-layout-flow\" style=\"flex-basis:47%\">\n<h2 class=\"wp-block-heading has-text-color\" style=\"color:#000000;font-size:32px\"><\/h2>\n\n\n\n<p class=\"has-text-align-left has-light-green-cyan-background-color has-background has-medium-font-size\">Il y a une diff\u00e9rence fondamentale entre \u00ab&nbsp;conna\u00eetre la fa\u00e7on dont son corps bouge&nbsp;\u00bb et \u00abconna\u00eetre la fa\u00e7on dont on bouge son corps \u00bb<br>D\u2019un c\u00f4t\u00e9, tout est fluide et facile et de l\u2019autre, tout devient heurt\u00e9 et saccad\u00e9.<\/p>\n\n\n\n<p class=\"has-text-align-left has-light-green-cyan-background-color has-background has-medium-font-size\">La mobilit\u00e9 naturelle est contrari\u00e9e par celle issue des apprentissages dans laquelle on pense ce que l\u2019on fait.<\/p>\n\n\n\n<div class=\"wp-block-buttons is-layout-flex wp-block-buttons-is-layout-flex\"><\/div>\n<\/div>\n<\/div>\n\n\n\n<p class=\"has-light-green-cyan-background-color has-background has-medium-font-size\">Les Pr\u00e9f\u00e9rences\u00ae Motrices Naturelles permettent de d\u00e9terminer cette mobilit\u00e9 inn\u00e9e. A partir de tests moteurs, je vous aide \u00e0 d\u00e9terminer la fa\u00e7on dont votre corps bouge naturellement, \u00e0 identifier votre centre de masse ainsi que les points d\u2019appuis o\u00f9 vous \u00eates solide et fort et ceux dont vous ne pouvez tirer aucune puissance\u2026<\/p>\n\n\n\n<p class=\"has-light-green-cyan-background-color has-background has-medium-font-size\">A l\u2019issue de quelques s\u00e9ances, vous conna\u00eetrez ce qui fonctionne pour vous et ce qui vous dessert sur le parcours. Vous pourrez travailler et profiter des enseignements de votre Pro en toute conscience de ce que vous \u00eates et de ce que vous faites.<\/p>\n<\/div><\/div>\n<\/div><\/div>\n\n\n<nav class=\"is-responsive wp-block-navigation is-layout-flex wp-block-navigation-is-layout-flex\" aria-label=\"Menu 1\" \n\t\t data-wp-interactive=\"core\/navigation\" data-wp-context='{\"overlayOpenedBy\":{\"click\":false,\"hover\":false,\"focus\":false},\"type\":\"overlay\",\"roleAttribute\":\"\",\"ariaLabel\":\"Menu\"}'><button aria-haspopup=\"dialog\" aria-label=\"Open menu\" class=\"wp-block-navigation__responsive-container-open\" \n\t\t\t\tdata-wp-on--click=\"actions.openMenuOnClick\"\n\t\t\t\tdata-wp-on--keydown=\"actions.handleMenuKeydown\"\n\t\t\t><svg width=\"24\" height=\"24\" xmlns=\"http:\/\/www.w3.org\/2000\/svg\" viewBox=\"0 0 24 24\" aria-hidden=\"true\" focusable=\"false\"><path d=\"M4 7.5h16v1.5H4z\"><\/path><path d=\"M4 15h16v1.5H4z\"><\/path><\/svg><\/button>\n\t\t\t\t<div class=\"wp-block-navigation__responsive-container\"  id=\"modal-2\" \n\t\t\t\tdata-wp-class--has-modal-open=\"state.isMenuOpen\"\n\t\t\t\tdata-wp-class--is-menu-open=\"state.isMenuOpen\"\n\t\t\t\tdata-wp-watch=\"callbacks.initMenu\"\n\t\t\t\tdata-wp-on--keydown=\"actions.handleMenuKeydown\"\n\t\t\t\tdata-wp-on--focusout=\"actions.handleMenuFocusout\"\n\t\t\t\ttabindex=\"-1\"\n\t\t\t>\n\t\t\t\t\t<div class=\"wp-block-navigation__responsive-close\" tabindex=\"-1\">\n\t\t\t\t\t\t<div class=\"wp-block-navigation__responsive-dialog\" \n\t\t\t\tdata-wp-bind--aria-modal=\"state.ariaModal\"\n\t\t\t\tdata-wp-bind--aria-label=\"state.ariaLabel\"\n\t\t\t\tdata-wp-bind--role=\"state.roleAttribute\"\n\t\t\t>\n\t\t\t\t\t\t\t<button aria-label=\"Close menu\" class=\"wp-block-navigation__responsive-container-close\" \n\t\t\t\tdata-wp-on--click=\"actions.closeMenuOnClick\"\n\t\t\t><svg xmlns=\"http:\/\/www.w3.org\/2000\/svg\" viewBox=\"0 0 24 24\" width=\"24\" height=\"24\" aria-hidden=\"true\" focusable=\"false\"><path d=\"m13.06 12 6.47-6.47-1.06-1.06L12 10.94 5.53 4.47 4.47 5.53 10.94 12l-6.47 6.47 1.06 1.06L12 13.06l6.47 6.47 1.06-1.06L13.06 12Z\"><\/path><\/svg><\/button>\n\t\t\t\t\t\t\t<div class=\"wp-block-navigation__responsive-container-content\" \n\t\t\t\tdata-wp-watch=\"callbacks.focusFirstElement\"\n\t\t\t id=\"modal-2-content\">\n\t\t\t\t\t\t\t\t<ul class=\"wp-block-navigation__container is-responsive wp-block-navigation\"><li class=\" wp-block-navigation-item wp-block-navigation-link\"><a class=\"wp-block-navigation-item__content\"  href=\"https:\/\/nympnuo.cluster028.hosting.ovh.net\/\"><span class=\"wp-block-navigation-item__label\">Accueil<\/span><\/a><\/li><li class=\" wp-block-navigation-item wp-block-navigation-link\"><a class=\"wp-block-navigation-item__content\"  href=\"https:\/\/nympnuo.cluster028.hosting.ovh.net\/index.php\/category\/non-classe\/\"><span class=\"wp-block-navigation-item__label\">Venir \u00e0 Saint-Germain-L\u00e8s-Corbeil<\/span><\/a><\/li><li class=\" wp-block-navigation-item wp-block-navigation-link\"><a class=\"wp-block-navigation-item__content\"  href=\"https:\/\/nympnuo.cluster028.hosting.ovh.net\/index.php\/coordonnees\/\"><span class=\"wp-block-navigation-item__label\">Venir \u00e0 Charenton<\/span><\/a><\/li><li class=\" wp-block-navigation-item wp-block-navigation-link\"><a class=\"wp-block-navigation-item__content\"  href=\"https:\/\/nympnuo.cluster028.hosting.ovh.net\/index.php\/formulaire-de-contact\/\"><span class=\"wp-block-navigation-item__label\">Contact<\/span><\/a><\/li><\/ul>\n\t\t\t\t\t\t\t<\/div>\n\t\t\t\t\t\t<\/div>\n\t\t\t\t\t<\/div>\n\t\t\t\t<\/div><\/nav>","protected":false},"excerpt":{"rendered":"","protected":false},"author":1,"featured_media":0,"parent":0,"menu_order":0,"comment_status":"closed","ping_status":"closed","template":"","meta":{"_monsterinsights_skip_tracking":false,"_monsterinsights_sitenote_active":false,"_monsterinsights_sitenote_note":"","_monsterinsights_sitenote_category":0,"footnotes":""},"class_list":["post-210","page","type-page","status-publish","hentry"],"aioseo_notices":[],"yoast_head":"<!-- This site is optimized with the Yoast SEO plugin v21.8 - https:\/\/yoast.com\/wordpress\/plugins\/seo\/ -->\n<title>Se pr\u00e9parer au jeu - Move and Golf<\/title>\n<meta name=\"robots\" content=\"index, follow, max-snippet:-1, max-image-preview:large, max-video-preview:-1\" \/>\n<link rel=\"canonical\" href=\"https:\/\/www.moveandgolf.com\/index.php\/avant\/\" \/>\n<meta property=\"og:locale\" content=\"en_US\" \/>\n<meta property=\"og:type\" content=\"article\" \/>\n<meta property=\"og:title\" content=\"Se pr\u00e9parer au jeu - Move and Golf\" \/>\n<meta property=\"og:url\" content=\"https:\/\/www.moveandgolf.com\/index.php\/avant\/\" \/>\n<meta property=\"og:site_name\" content=\"Move and Golf\" \/>\n<meta property=\"article:modified_time\" content=\"2024-02-18T20:05:02+00:00\" \/>\n<meta property=\"og:image\" content=\"http:\/\/www.moveandgolf.com\/wp-content\/uploads\/2023\/12\/Se-preparer-drapeau-rouge-scaled.jpg\" \/>\n<meta name=\"twitter:card\" content=\"summary_large_image\" \/>\n<script type=\"application\/ld+json\" class=\"yoast-schema-graph\">{\"@context\":\"https:\/\/schema.org\",\"@graph\":[{\"@type\":\"WebPage\",\"@id\":\"https:\/\/www.moveandgolf.com\/index.php\/avant\/\",\"url\":\"https:\/\/www.moveandgolf.com\/index.php\/avant\/\",\"name\":\"Se pr\u00e9parer au jeu - Move and Golf\",\"isPartOf\":{\"@id\":\"https:\/\/www.moveandgolf.com\/#website\"},\"datePublished\":\"2023-11-29T11:02:04+00:00\",\"dateModified\":\"2024-02-18T20:05:02+00:00\",\"breadcrumb\":{\"@id\":\"https:\/\/www.moveandgolf.com\/index.php\/avant\/#breadcrumb\"},\"inLanguage\":\"en-US\",\"potentialAction\":[{\"@type\":\"ReadAction\",\"target\":[\"https:\/\/www.moveandgolf.com\/index.php\/avant\/\"]}]},{\"@type\":\"BreadcrumbList\",\"@id\":\"https:\/\/www.moveandgolf.com\/index.php\/avant\/#breadcrumb\",\"itemListElement\":[{\"@type\":\"ListItem\",\"position\":1,\"name\":\"Accueil\",\"item\":\"https:\/\/www.moveandgolf.com\/\"},{\"@type\":\"ListItem\",\"position\":2,\"name\":\"Se pr\u00e9parer au jeu\"}]},{\"@type\":\"WebSite\",\"@id\":\"https:\/\/www.moveandgolf.com\/#website\",\"url\":\"https:\/\/www.moveandgolf.com\/\",\"name\":\"Move and Golf\",\"description\":\"Sylvain Deroo\",\"publisher\":{\"@id\":\"https:\/\/www.moveandgolf.com\/#organization\"},\"potentialAction\":[{\"@type\":\"SearchAction\",\"target\":{\"@type\":\"EntryPoint\",\"urlTemplate\":\"https:\/\/www.moveandgolf.com\/?s={search_term_string}\"},\"query-input\":\"required name=search_term_string\"}],\"inLanguage\":\"en-US\"},{\"@type\":\"Organization\",\"@id\":\"https:\/\/www.moveandgolf.com\/#organization\",\"name\":\"Move and Golf\",\"url\":\"https:\/\/www.moveandgolf.com\/\",\"logo\":{\"@type\":\"ImageObject\",\"inLanguage\":\"en-US\",\"@id\":\"https:\/\/www.moveandgolf.com\/#\/schema\/logo\/image\/\",\"url\":\"https:\/\/www.moveandgolf.com\/wp-content\/uploads\/2023\/12\/Noir-et-Blanc-Encadre-Future-DJ-Logo.png\",\"contentUrl\":\"https:\/\/www.moveandgolf.com\/wp-content\/uploads\/2023\/12\/Noir-et-Blanc-Encadre-Future-DJ-Logo.png\",\"width\":500,\"height\":500,\"caption\":\"Move and Golf\"},\"image\":{\"@id\":\"https:\/\/www.moveandgolf.com\/#\/schema\/logo\/image\/\"}}]}<\/script>\n<!-- \/ Yoast SEO plugin. -->","yoast_head_json":{"title":"Se pr\u00e9parer au jeu - Move and Golf","robots":{"index":"index","follow":"follow","max-snippet":"max-snippet:-1","max-image-preview":"max-image-preview:large","max-video-preview":"max-video-preview:-1"},"canonical":"https:\/\/www.moveandgolf.com\/index.php\/avant\/","og_locale":"en_US","og_type":"article","og_title":"Se pr\u00e9parer au jeu - Move and Golf","og_url":"https:\/\/www.moveandgolf.com\/index.php\/avant\/","og_site_name":"Move and Golf","article_modified_time":"2024-02-18T20:05:02+00:00","og_image":[{"url":"http:\/\/www.moveandgolf.com\/wp-content\/uploads\/2023\/12\/Se-preparer-drapeau-rouge-scaled.jpg"}],"twitter_card":"summary_large_image","schema":{"@context":"https:\/\/schema.org","@graph":[{"@type":"WebPage","@id":"https:\/\/www.moveandgolf.com\/index.php\/avant\/","url":"https:\/\/www.moveandgolf.com\/index.php\/avant\/","name":"Se pr\u00e9parer au jeu - Move and Golf","isPartOf":{"@id":"https:\/\/www.moveandgolf.com\/#website"},"datePublished":"2023-11-29T11:02:04+00:00","dateModified":"2024-02-18T20:05:02+00:00","breadcrumb":{"@id":"https:\/\/www.moveandgolf.com\/index.php\/avant\/#breadcrumb"},"inLanguage":"en-US","potentialAction":[{"@type":"ReadAction","target":["https:\/\/www.moveandgolf.com\/index.php\/avant\/"]}]},{"@type":"BreadcrumbList","@id":"https:\/\/www.moveandgolf.com\/index.php\/avant\/#breadcrumb","itemListElement":[{"@type":"ListItem","position":1,"name":"Accueil","item":"https:\/\/www.moveandgolf.com\/"},{"@type":"ListItem","position":2,"name":"Se pr\u00e9parer au jeu"}]},{"@type":"WebSite","@id":"https:\/\/www.moveandgolf.com\/#website","url":"https:\/\/www.moveandgolf.com\/","name":"Move and Golf","description":"Sylvain Deroo","publisher":{"@id":"https:\/\/www.moveandgolf.com\/#organization"},"potentialAction":[{"@type":"SearchAction","target":{"@type":"EntryPoint","urlTemplate":"https:\/\/www.moveandgolf.com\/?s={search_term_string}"},"query-input":"required name=search_term_string"}],"inLanguage":"en-US"},{"@type":"Organization","@id":"https:\/\/www.moveandgolf.com\/#organization","name":"Move and Golf","url":"https:\/\/www.moveandgolf.com\/","logo":{"@type":"ImageObject","inLanguage":"en-US","@id":"https:\/\/www.moveandgolf.com\/#\/schema\/logo\/image\/","url":"https:\/\/www.moveandgolf.com\/wp-content\/uploads\/2023\/12\/Noir-et-Blanc-Encadre-Future-DJ-Logo.png","contentUrl":"https:\/\/www.moveandgolf.com\/wp-content\/uploads\/2023\/12\/Noir-et-Blanc-Encadre-Future-DJ-Logo.png","width":500,"height":500,"caption":"Move and Golf"},"image":{"@id":"https:\/\/www.moveandgolf.com\/#\/schema\/logo\/image\/"}}]}},"_links":{"self":[{"href":"https:\/\/www.moveandgolf.com\/index.php\/wp-json\/wp\/v2\/pages\/210","targetHints":{"allow":["GET"]}}],"collection":[{"href":"https:\/\/www.moveandgolf.com\/index.php\/wp-json\/wp\/v2\/pages"}],"about":[{"href":"https:\/\/www.moveandgolf.com\/index.php\/wp-json\/wp\/v2\/types\/page"}],"author":[{"embeddable":true,"href":"https:\/\/www.moveandgolf.com\/index.php\/wp-json\/wp\/v2\/users\/1"}],"replies":[{"embeddable":true,"href":"https:\/\/www.moveandgolf.com\/index.php\/wp-json\/wp\/v2\/comments?post=210"}],"version-history":[{"count":42,"href":"https:\/\/www.moveandgolf.com\/index.php\/wp-json\/wp\/v2\/pages\/210\/revisions"}],"predecessor-version":[{"id":733,"href":"https:\/\/www.moveandgolf.com\/index.php\/wp-json\/wp\/v2\/pages\/210\/revisions\/733"}],"wp:attachment":[{"href":"https:\/\/www.moveandgolf.com\/index.php\/wp-json\/wp\/v2\/media?parent=210"}],"curies":[{"name":"wp","href":"https:\/\/api.w.org\/{rel}","templated":true}]}}