{"id":393,"date":"2023-11-29T19:02:59","date_gmt":"2023-11-29T18:02:59","guid":{"rendered":"https:\/\/nympnuo.cluster028.hosting.ovh.net\/?page_id=393"},"modified":"2024-02-18T21:00:45","modified_gmt":"2024-02-18T20:00:45","slug":"pendant-le-golf","status":"publish","type":"page","link":"https:\/\/www.moveandgolf.com\/index.php\/pendant-le-golf\/","title":{"rendered":"Mieux Jouer"},"content":{"rendered":"\n<hr class=\"wp-block-separator has-alpha-channel-opacity is-style-wide\"\/>\n\n\n\n<p><\/p>\n\n\n\n<div class=\"wp-block-cover has-parallax\"><span aria-hidden=\"true\" class=\"wp-block-cover__background has-background-dim-40 has-background-dim\"><\/span><div role=\"img\" class=\"wp-block-cover__image-background wp-image-414 has-parallax\" style=\"background-position:50% 50%;background-image:url(http:\/\/nympnuo.cluster028.hosting.ovh.net\/wp-content\/uploads\/2023\/11\/backgorund_transp_60.png)\"><\/div><div class=\"wp-block-cover__inner-container is-layout-constrained wp-block-cover-is-layout-constrained\">\n<p class=\"has-text-align-center has-background has-large-font-size\" style=\"background:linear-gradient(135deg,rgb(122,220,180) 26%,rgb(0,208,130) 78%)\">Mieux jouer<\/p>\n\n\n\n<div class=\"wp-block-cover alignfull is-light\" style=\"min-height:1002px;aspect-ratio:unset;\"><span aria-hidden=\"true\" class=\"wp-block-cover__background has-light-green-cyan-background-color has-background-dim-100 has-background-dim\"><\/span><div class=\"wp-block-cover__inner-container is-layout-flow wp-block-cover-is-layout-flow\">\n<div class=\"wp-block-media-text alignwide is-stacked-on-mobile is-vertically-aligned-center is-image-fill has-light-green-cyan-background-color has-background\" style=\"grid-template-columns:53% auto\"><figure class=\"wp-block-media-text__media\" style=\"background-image:url(http:\/\/www.moveandgolf.com\/wp-content\/uploads\/2023\/12\/Mieux-jouer-drapeau-rouge-1024x683.jpg);background-position:50% 50%\"><img loading=\"lazy\" decoding=\"async\" width=\"1024\" height=\"683\" src=\"http:\/\/www.moveandgolf.com\/wp-content\/uploads\/2023\/12\/Mieux-jouer-drapeau-rouge-1024x683.jpg\" alt=\"\" class=\"wp-image-634 size-full\" srcset=\"https:\/\/www.moveandgolf.com\/wp-content\/uploads\/2023\/12\/Mieux-jouer-drapeau-rouge-1024x683.jpg 1024w, https:\/\/www.moveandgolf.com\/wp-content\/uploads\/2023\/12\/Mieux-jouer-drapeau-rouge-300x200.jpg 300w, https:\/\/www.moveandgolf.com\/wp-content\/uploads\/2023\/12\/Mieux-jouer-drapeau-rouge-768x512.jpg 768w, https:\/\/www.moveandgolf.com\/wp-content\/uploads\/2023\/12\/Mieux-jouer-drapeau-rouge-1536x1024.jpg 1536w, https:\/\/www.moveandgolf.com\/wp-content\/uploads\/2023\/12\/Mieux-jouer-drapeau-rouge-2048x1365.jpg 2048w\" sizes=\"auto, (max-width: 1024px) 100vw, 1024px\" \/><\/figure><div class=\"wp-block-media-text__content\">\n<h2 class=\"wp-block-heading has-text-color\" style=\"color:#000000;font-size:32px\"><\/h2>\n\n\n\n<p class=\"has-text-align-left has-text-color\" style=\"color:#000000;font-size:20px\">Une fois vos Pr\u00e9f\u00e9rences\u00ae Motrices naturelles d\u00e9termin\u00e9es, le travail sur le jeu de golf&nbsp;peut s\u2019enclencher.<\/p>\n\n\n\n<div class=\"wp-block-buttons is-layout-flex wp-block-buttons-is-layout-flex\"><\/div>\n<\/div><\/div>\n\n\n\n<div class=\"wp-block-columns is-layout-flex wp-container-core-columns-is-layout-9d6595d7 wp-block-columns-is-layout-flex\">\n<div class=\"wp-block-column is-vertically-aligned-stretch is-layout-flow wp-block-column-is-layout-flow\" style=\"flex-basis:100%\">\n<div class=\"wp-block-columns is-layout-flex wp-container-core-columns-is-layout-9d6595d7 wp-block-columns-is-layout-flex\">\n<div class=\"wp-block-column is-layout-flow wp-block-column-is-layout-flow\" style=\"flex-basis:100%\">\n<p class=\"has-light-green-cyan-background-color has-background has-medium-font-size\">Je n\u2019utilise pas le terme de \u00ab&nbsp;pr\u00e9paration mentale&nbsp;\u00bb qui me semble imparfait au sens o\u00f9 le \u00ab&nbsp;mental&nbsp;\u00bb ne peut influencer une pr\u00e9f\u00e9rence motrice naturelle sans la limiter. C\u2019est par l\u2019utilisation de vos forces que vous allez imm\u00e9diatement enlever toute zone de doute \u00e0 votre cerveau.<\/p>\n\n\n\n<p class=\"has-light-green-cyan-background-color has-background has-medium-font-size\"> Le travail est alors centr\u00e9 sur ce qui vous emp\u00eache d\u2019utiliser vos forces propres (difficult\u00e9 \u00e0 s\u2019appuyer au sol par exemple, tensions corporelles qui conduisent \u00e0 un mauvais placement de la vitesse, respiration r\u00e9duite,\u2026). On va s\u2019int\u00e9resser \u00e0 toutes les pollutions de votre jeu pour que vous deveniez un golfeur performant\u2026 <\/p>\n\n\n\n<p class=\"has-light-green-cyan-background-color has-background has-medium-font-size\">J\u2019y associe les techniques issues de la Sophrologie (respiration, visualisation,\u2026) pour vous aider \u00e0 \u00eatre plus efficace. <\/p>\n\n\n\n<p class=\"has-black-color has-light-green-cyan-background-color has-text-color has-background has-link-color has-medium-font-size wp-elements-0dea09bd2b4bfdb55f8aea77f814e0a6\">Pour ceux qui souhaiteraient avancer sur la connaissance d\u2019eux-m\u00eame, je peux \u00e9galement vous proposer des s\u00e9ances d\u2019Etiom\u00e9decine (plus d\u2019infos sur <a href=\"https:\/\/www.etio-sophro-paris.com\" target=\"_blank\" rel=\"noreferrer noopener\">https:\/\/www.etio-sophro-paris.com<\/a>)<\/p>\n<\/div>\n<\/div>\n<\/div>\n<\/div>\n<\/div><\/div>\n<\/div><\/div>\n\n\n\n<p><\/p>\n","protected":false},"excerpt":{"rendered":"","protected":false},"author":1,"featured_media":0,"parent":0,"menu_order":0,"comment_status":"closed","ping_status":"closed","template":"","meta":{"_monsterinsights_skip_tracking":false,"_monsterinsights_sitenote_active":false,"_monsterinsights_sitenote_note":"","_monsterinsights_sitenote_category":0,"footnotes":""},"class_list":["post-393","page","type-page","status-publish","hentry"],"aioseo_notices":[],"yoast_head":"<!-- This site is optimized with the Yoast SEO plugin v21.8 - https:\/\/yoast.com\/wordpress\/plugins\/seo\/ -->\n<title>Mieux Jouer - Move and Golf<\/title>\n<meta name=\"robots\" content=\"index, follow, max-snippet:-1, max-image-preview:large, max-video-preview:-1\" \/>\n<link rel=\"canonical\" href=\"https:\/\/www.moveandgolf.com\/index.php\/pendant-le-golf\/\" \/>\n<meta property=\"og:locale\" content=\"en_US\" \/>\n<meta property=\"og:type\" content=\"article\" \/>\n<meta property=\"og:title\" content=\"Mieux Jouer - Move and Golf\" \/>\n<meta property=\"og:url\" content=\"https:\/\/www.moveandgolf.com\/index.php\/pendant-le-golf\/\" \/>\n<meta property=\"og:site_name\" content=\"Move and Golf\" \/>\n<meta property=\"article:modified_time\" content=\"2024-02-18T20:00:45+00:00\" \/>\n<meta property=\"og:image\" content=\"http:\/\/www.moveandgolf.com\/wp-content\/uploads\/2023\/12\/Mieux-jouer-drapeau-rouge-1024x683.jpg\" \/>\n<meta name=\"twitter:card\" content=\"summary_large_image\" \/>\n<meta name=\"twitter:label1\" content=\"Est. reading time\" \/>\n\t<meta name=\"twitter:data1\" content=\"1 minute\" \/>\n<script type=\"application\/ld+json\" class=\"yoast-schema-graph\">{\"@context\":\"https:\/\/schema.org\",\"@graph\":[{\"@type\":\"WebPage\",\"@id\":\"https:\/\/www.moveandgolf.com\/index.php\/pendant-le-golf\/\",\"url\":\"https:\/\/www.moveandgolf.com\/index.php\/pendant-le-golf\/\",\"name\":\"Mieux Jouer - Move and Golf\",\"isPartOf\":{\"@id\":\"https:\/\/www.moveandgolf.com\/#website\"},\"datePublished\":\"2023-11-29T18:02:59+00:00\",\"dateModified\":\"2024-02-18T20:00:45+00:00\",\"breadcrumb\":{\"@id\":\"https:\/\/www.moveandgolf.com\/index.php\/pendant-le-golf\/#breadcrumb\"},\"inLanguage\":\"en-US\",\"potentialAction\":[{\"@type\":\"ReadAction\",\"target\":[\"https:\/\/www.moveandgolf.com\/index.php\/pendant-le-golf\/\"]}]},{\"@type\":\"BreadcrumbList\",\"@id\":\"https:\/\/www.moveandgolf.com\/index.php\/pendant-le-golf\/#breadcrumb\",\"itemListElement\":[{\"@type\":\"ListItem\",\"position\":1,\"name\":\"Accueil\",\"item\":\"https:\/\/www.moveandgolf.com\/\"},{\"@type\":\"ListItem\",\"position\":2,\"name\":\"Mieux Jouer\"}]},{\"@type\":\"WebSite\",\"@id\":\"https:\/\/www.moveandgolf.com\/#website\",\"url\":\"https:\/\/www.moveandgolf.com\/\",\"name\":\"Move and Golf\",\"description\":\"Sylvain Deroo\",\"publisher\":{\"@id\":\"https:\/\/www.moveandgolf.com\/#organization\"},\"potentialAction\":[{\"@type\":\"SearchAction\",\"target\":{\"@type\":\"EntryPoint\",\"urlTemplate\":\"https:\/\/www.moveandgolf.com\/?s={search_term_string}\"},\"query-input\":\"required name=search_term_string\"}],\"inLanguage\":\"en-US\"},{\"@type\":\"Organization\",\"@id\":\"https:\/\/www.moveandgolf.com\/#organization\",\"name\":\"Move and Golf\",\"url\":\"https:\/\/www.moveandgolf.com\/\",\"logo\":{\"@type\":\"ImageObject\",\"inLanguage\":\"en-US\",\"@id\":\"https:\/\/www.moveandgolf.com\/#\/schema\/logo\/image\/\",\"url\":\"https:\/\/www.moveandgolf.com\/wp-content\/uploads\/2023\/12\/Noir-et-Blanc-Encadre-Future-DJ-Logo.png\",\"contentUrl\":\"https:\/\/www.moveandgolf.com\/wp-content\/uploads\/2023\/12\/Noir-et-Blanc-Encadre-Future-DJ-Logo.png\",\"width\":500,\"height\":500,\"caption\":\"Move and Golf\"},\"image\":{\"@id\":\"https:\/\/www.moveandgolf.com\/#\/schema\/logo\/image\/\"}}]}<\/script>\n<!-- \/ Yoast SEO plugin. -->","yoast_head_json":{"title":"Mieux Jouer - Move and Golf","robots":{"index":"index","follow":"follow","max-snippet":"max-snippet:-1","max-image-preview":"max-image-preview:large","max-video-preview":"max-video-preview:-1"},"canonical":"https:\/\/www.moveandgolf.com\/index.php\/pendant-le-golf\/","og_locale":"en_US","og_type":"article","og_title":"Mieux Jouer - Move and Golf","og_url":"https:\/\/www.moveandgolf.com\/index.php\/pendant-le-golf\/","og_site_name":"Move and Golf","article_modified_time":"2024-02-18T20:00:45+00:00","og_image":[{"url":"http:\/\/www.moveandgolf.com\/wp-content\/uploads\/2023\/12\/Mieux-jouer-drapeau-rouge-1024x683.jpg"}],"twitter_card":"summary_large_image","twitter_misc":{"Est. reading time":"1 minute"},"schema":{"@context":"https:\/\/schema.org","@graph":[{"@type":"WebPage","@id":"https:\/\/www.moveandgolf.com\/index.php\/pendant-le-golf\/","url":"https:\/\/www.moveandgolf.com\/index.php\/pendant-le-golf\/","name":"Mieux Jouer - Move and Golf","isPartOf":{"@id":"https:\/\/www.moveandgolf.com\/#website"},"datePublished":"2023-11-29T18:02:59+00:00","dateModified":"2024-02-18T20:00:45+00:00","breadcrumb":{"@id":"https:\/\/www.moveandgolf.com\/index.php\/pendant-le-golf\/#breadcrumb"},"inLanguage":"en-US","potentialAction":[{"@type":"ReadAction","target":["https:\/\/www.moveandgolf.com\/index.php\/pendant-le-golf\/"]}]},{"@type":"BreadcrumbList","@id":"https:\/\/www.moveandgolf.com\/index.php\/pendant-le-golf\/#breadcrumb","itemListElement":[{"@type":"ListItem","position":1,"name":"Accueil","item":"https:\/\/www.moveandgolf.com\/"},{"@type":"ListItem","position":2,"name":"Mieux Jouer"}]},{"@type":"WebSite","@id":"https:\/\/www.moveandgolf.com\/#website","url":"https:\/\/www.moveandgolf.com\/","name":"Move and Golf","description":"Sylvain Deroo","publisher":{"@id":"https:\/\/www.moveandgolf.com\/#organization"},"potentialAction":[{"@type":"SearchAction","target":{"@type":"EntryPoint","urlTemplate":"https:\/\/www.moveandgolf.com\/?s={search_term_string}"},"query-input":"required name=search_term_string"}],"inLanguage":"en-US"},{"@type":"Organization","@id":"https:\/\/www.moveandgolf.com\/#organization","name":"Move and Golf","url":"https:\/\/www.moveandgolf.com\/","logo":{"@type":"ImageObject","inLanguage":"en-US","@id":"https:\/\/www.moveandgolf.com\/#\/schema\/logo\/image\/","url":"https:\/\/www.moveandgolf.com\/wp-content\/uploads\/2023\/12\/Noir-et-Blanc-Encadre-Future-DJ-Logo.png","contentUrl":"https:\/\/www.moveandgolf.com\/wp-content\/uploads\/2023\/12\/Noir-et-Blanc-Encadre-Future-DJ-Logo.png","width":500,"height":500,"caption":"Move and Golf"},"image":{"@id":"https:\/\/www.moveandgolf.com\/#\/schema\/logo\/image\/"}}]}},"_links":{"self":[{"href":"https:\/\/www.moveandgolf.com\/index.php\/wp-json\/wp\/v2\/pages\/393","targetHints":{"allow":["GET"]}}],"collection":[{"href":"https:\/\/www.moveandgolf.com\/index.php\/wp-json\/wp\/v2\/pages"}],"about":[{"href":"https:\/\/www.moveandgolf.com\/index.php\/wp-json\/wp\/v2\/types\/page"}],"author":[{"embeddable":true,"href":"https:\/\/www.moveandgolf.com\/index.php\/wp-json\/wp\/v2\/users\/1"}],"replies":[{"embeddable":true,"href":"https:\/\/www.moveandgolf.com\/index.php\/wp-json\/wp\/v2\/comments?post=393"}],"version-history":[{"count":31,"href":"https:\/\/www.moveandgolf.com\/index.php\/wp-json\/wp\/v2\/pages\/393\/revisions"}],"predecessor-version":[{"id":744,"href":"https:\/\/www.moveandgolf.com\/index.php\/wp-json\/wp\/v2\/pages\/393\/revisions\/744"}],"wp:attachment":[{"href":"https:\/\/www.moveandgolf.com\/index.php\/wp-json\/wp\/v2\/media?parent=393"}],"curies":[{"name":"wp","href":"https:\/\/api.w.org\/{rel}","templated":true}]}}