{"id":564,"date":"2023-12-06T21:16:28","date_gmt":"2023-12-06T20:16:28","guid":{"rendered":"https:\/\/nympnuo.cluster028.hosting.ovh.net\/?page_id=564"},"modified":"2023-12-14T14:20:12","modified_gmt":"2023-12-14T13:20:12","slug":"qui-suis-je","status":"publish","type":"page","link":"https:\/\/www.moveandgolf.com\/index.php\/qui-suis-je\/","title":{"rendered":"Qui suis-je ?"},"content":{"rendered":"\n<div class=\"wp-block-columns is-layout-flex wp-container-core-columns-is-layout-9d6595d7 wp-block-columns-is-layout-flex\">\n<div class=\"wp-block-column is-layout-flow wp-block-column-is-layout-flow\"><\/div>\n<\/div>\n\n\n\n<p class=\"has-text-align-left has-black-color has-text-color has-link-color has-medium-font-size wp-elements-76831241ed31bbe3d61bae5e2d4b0e5c\">En compl\u00e9ment de ma pratique en <a href=\"https:\/\/www.etio-sophro-paris.com\/\"><span style=\"text-decoration: underline;\">Etiom\u00e9decine et en Sophrologie<\/span><\/a>, je me suis tourn\u00e9 vers <strong>l\u2019accompagnement de sportifs<\/strong> et de golfeurs en particulier.<\/p>\n\n\n\n<div class=\"wp-block-columns is-layout-flex wp-container-core-columns-is-layout-9d6595d7 wp-block-columns-is-layout-flex\">\n<div class=\"wp-block-column is-layout-flow wp-block-column-is-layout-flow\"><\/div>\n\n\n\n<div class=\"wp-block-column is-layout-flow wp-block-column-is-layout-flow\"><\/div>\n<\/div>\n\n\n\n<div class=\"wp-block-media-text is-stacked-on-mobile is-vertically-aligned-center\" style=\"grid-template-columns:23% auto\"><figure class=\"wp-block-media-text__media\"><img loading=\"lazy\" decoding=\"async\" width=\"1024\" height=\"678\" src=\"http:\/\/nympnuo.cluster028.hosting.ovh.net\/wp-content\/uploads\/2023\/12\/photo_syl_0319-1-1024x678.jpg\" alt=\"\" class=\"wp-image-612 size-full\" srcset=\"https:\/\/www.moveandgolf.com\/wp-content\/uploads\/2023\/12\/photo_syl_0319-1-1024x678.jpg 1024w, https:\/\/www.moveandgolf.com\/wp-content\/uploads\/2023\/12\/photo_syl_0319-1-300x199.jpg 300w, https:\/\/www.moveandgolf.com\/wp-content\/uploads\/2023\/12\/photo_syl_0319-1-768x509.jpg 768w, https:\/\/www.moveandgolf.com\/wp-content\/uploads\/2023\/12\/photo_syl_0319-1-1536x1017.jpg 1536w, https:\/\/www.moveandgolf.com\/wp-content\/uploads\/2023\/12\/photo_syl_0319-1-2048x1356.jpg 2048w\" sizes=\"auto, (max-width: 1024px) 100vw, 1024px\" \/><\/figure><div class=\"wp-block-media-text__content\">\n<blockquote class=\"wp-block-quote is-layout-flow wp-block-quote-is-layout-flow\">\n<p class=\"has-black-color has-text-color has-link-color has-medium-font-size wp-elements-95d1612a2ae03647926477a20689c4ac\"><em>&#8221; <strong>Passionn\u00e9 de sports<\/strong>, pratiquant diverses activit\u00e9s sportives (tennis de table, tennis, badminton, foot, rugby&#8230;) et encadrant sportif (tennis, badminton, rugby), <strong>la d\u00e9couverte des pr\u00e9f\u00e9rences motrices naturelles a boulevers\u00e9 l\u2019approche de ma pratique.<\/strong> &#8220;<\/em><\/p>\n<\/blockquote>\n<\/div><\/div>\n\n\n\n<p class=\"has-black-color has-text-color has-link-color has-medium-font-size wp-elements-5d7e08d4e17045c92fda566f688a844b\">Certifi\u00e9 par <strong>Volodalen<\/strong>, soci\u00e9t\u00e9 experte en Pr\u00e9f\u00e9rences\u00ae Motrices, c\u2019est avec plaisir que je vous accueille au <span style=\"text-decoration: underline;\"><strong><a href=\"https:\/\/nympnuo.cluster028.hosting.ovh.net\/index.php\/venir-a-saint-germain-les-corbeilles\/\">golf de Saint Germain Les Corbeil<\/a>l<\/strong><\/span> ou \u00e0 <strong>mon cabinet de <span style=\"text-decoration: underline;\"><a href=\"https:\/\/nympnuo.cluster028.hosting.ovh.net\/index.php\/venir-a-charenton\/\">Charenton-le-Pont<\/a><\/span><\/strong> pour vous aider \u00e0 d\u00e9couvrir ce que vous pouvez devenir.<\/p>\n\n\n\n<p class=\"has-black-color has-text-color has-link-color has-medium-font-size wp-elements-5d6f8f1e1958552cfa1940e395493aff\">Les Pr\u00e9f\u00e9rences\u00ae Motrices relevant de la motricit\u00e9 globale d\u2019une personne, mon travail ne se limite pas \u00e0 mon approche du golf mais est applicable \u00e0 toute activit\u00e9 sportive.<\/p>\n","protected":false},"excerpt":{"rendered":"<p>En compl\u00e9ment de ma pratique en Etiom\u00e9decine et en Sophrologie, je me suis tourn\u00e9 vers l\u2019accompagnement de sportifs et de golfeurs en particulier. Certifi\u00e9 par Volodalen, soci\u00e9t\u00e9 experte en Pr\u00e9f\u00e9rences\u00ae Motrices, c\u2019est avec plaisir que je vous accueille au golf de Saint Germain Les Corbeill ou \u00e0 mon cabinet de Charenton-le-Pont pour vous aider \u00e0 [&hellip;]<\/p>\n","protected":false},"author":1,"featured_media":0,"parent":0,"menu_order":0,"comment_status":"closed","ping_status":"closed","template":"","meta":{"_monsterinsights_skip_tracking":false,"_monsterinsights_sitenote_active":false,"_monsterinsights_sitenote_note":"","_monsterinsights_sitenote_category":0,"footnotes":""},"class_list":["post-564","page","type-page","status-publish","hentry"],"aioseo_notices":[],"yoast_head":"<!-- This site is optimized with the Yoast SEO plugin v21.8 - https:\/\/yoast.com\/wordpress\/plugins\/seo\/ -->\n<title>Qui suis-je ? - Move and Golf<\/title>\n<meta name=\"robots\" content=\"index, follow, max-snippet:-1, max-image-preview:large, max-video-preview:-1\" \/>\n<link rel=\"canonical\" href=\"https:\/\/www.moveandgolf.com\/index.php\/qui-suis-je\/\" \/>\n<meta property=\"og:locale\" content=\"en_US\" \/>\n<meta property=\"og:type\" content=\"article\" \/>\n<meta property=\"og:title\" content=\"Qui suis-je ? - Move and Golf\" \/>\n<meta property=\"og:description\" content=\"En compl\u00e9ment de ma pratique en Etiom\u00e9decine et en Sophrologie, je me suis tourn\u00e9 vers l\u2019accompagnement de sportifs et de golfeurs en particulier. Certifi\u00e9 par Volodalen, soci\u00e9t\u00e9 experte en Pr\u00e9f\u00e9rences\u00ae Motrices, c\u2019est avec plaisir que je vous accueille au golf de Saint Germain Les Corbeill ou \u00e0 mon cabinet de Charenton-le-Pont pour vous aider \u00e0 [&hellip;]\" \/>\n<meta property=\"og:url\" content=\"https:\/\/www.moveandgolf.com\/index.php\/qui-suis-je\/\" \/>\n<meta property=\"og:site_name\" content=\"Move and Golf\" \/>\n<meta property=\"article:modified_time\" content=\"2023-12-14T13:20:12+00:00\" \/>\n<meta property=\"og:image\" content=\"http:\/\/nympnuo.cluster028.hosting.ovh.net\/wp-content\/uploads\/2023\/12\/photo_syl_0319-1-1024x678.jpg\" \/>\n<meta name=\"twitter:card\" content=\"summary_large_image\" \/>\n<meta name=\"twitter:label1\" content=\"Est. reading time\" \/>\n\t<meta name=\"twitter:data1\" content=\"1 minute\" \/>\n<script type=\"application\/ld+json\" class=\"yoast-schema-graph\">{\"@context\":\"https:\/\/schema.org\",\"@graph\":[{\"@type\":\"WebPage\",\"@id\":\"https:\/\/www.moveandgolf.com\/index.php\/qui-suis-je\/\",\"url\":\"https:\/\/www.moveandgolf.com\/index.php\/qui-suis-je\/\",\"name\":\"Qui suis-je ? - Move and Golf\",\"isPartOf\":{\"@id\":\"https:\/\/www.moveandgolf.com\/#website\"},\"datePublished\":\"2023-12-06T20:16:28+00:00\",\"dateModified\":\"2023-12-14T13:20:12+00:00\",\"breadcrumb\":{\"@id\":\"https:\/\/www.moveandgolf.com\/index.php\/qui-suis-je\/#breadcrumb\"},\"inLanguage\":\"en-US\",\"potentialAction\":[{\"@type\":\"ReadAction\",\"target\":[\"https:\/\/www.moveandgolf.com\/index.php\/qui-suis-je\/\"]}]},{\"@type\":\"BreadcrumbList\",\"@id\":\"https:\/\/www.moveandgolf.com\/index.php\/qui-suis-je\/#breadcrumb\",\"itemListElement\":[{\"@type\":\"ListItem\",\"position\":1,\"name\":\"Accueil\",\"item\":\"https:\/\/www.moveandgolf.com\/\"},{\"@type\":\"ListItem\",\"position\":2,\"name\":\"Qui suis-je ?\"}]},{\"@type\":\"WebSite\",\"@id\":\"https:\/\/www.moveandgolf.com\/#website\",\"url\":\"https:\/\/www.moveandgolf.com\/\",\"name\":\"Move and Golf\",\"description\":\"Sylvain Deroo\",\"publisher\":{\"@id\":\"https:\/\/www.moveandgolf.com\/#organization\"},\"potentialAction\":[{\"@type\":\"SearchAction\",\"target\":{\"@type\":\"EntryPoint\",\"urlTemplate\":\"https:\/\/www.moveandgolf.com\/?s={search_term_string}\"},\"query-input\":\"required name=search_term_string\"}],\"inLanguage\":\"en-US\"},{\"@type\":\"Organization\",\"@id\":\"https:\/\/www.moveandgolf.com\/#organization\",\"name\":\"Move and Golf\",\"url\":\"https:\/\/www.moveandgolf.com\/\",\"logo\":{\"@type\":\"ImageObject\",\"inLanguage\":\"en-US\",\"@id\":\"https:\/\/www.moveandgolf.com\/#\/schema\/logo\/image\/\",\"url\":\"https:\/\/www.moveandgolf.com\/wp-content\/uploads\/2023\/12\/Noir-et-Blanc-Encadre-Future-DJ-Logo.png\",\"contentUrl\":\"https:\/\/www.moveandgolf.com\/wp-content\/uploads\/2023\/12\/Noir-et-Blanc-Encadre-Future-DJ-Logo.png\",\"width\":500,\"height\":500,\"caption\":\"Move and Golf\"},\"image\":{\"@id\":\"https:\/\/www.moveandgolf.com\/#\/schema\/logo\/image\/\"}}]}<\/script>\n<!-- \/ Yoast SEO plugin. -->","yoast_head_json":{"title":"Qui suis-je ? - Move and Golf","robots":{"index":"index","follow":"follow","max-snippet":"max-snippet:-1","max-image-preview":"max-image-preview:large","max-video-preview":"max-video-preview:-1"},"canonical":"https:\/\/www.moveandgolf.com\/index.php\/qui-suis-je\/","og_locale":"en_US","og_type":"article","og_title":"Qui suis-je ? - Move and Golf","og_description":"En compl\u00e9ment de ma pratique en Etiom\u00e9decine et en Sophrologie, je me suis tourn\u00e9 vers l\u2019accompagnement de sportifs et de golfeurs en particulier. Certifi\u00e9 par Volodalen, soci\u00e9t\u00e9 experte en Pr\u00e9f\u00e9rences\u00ae Motrices, c\u2019est avec plaisir que je vous accueille au golf de Saint Germain Les Corbeill ou \u00e0 mon cabinet de Charenton-le-Pont pour vous aider \u00e0 [&hellip;]","og_url":"https:\/\/www.moveandgolf.com\/index.php\/qui-suis-je\/","og_site_name":"Move and Golf","article_modified_time":"2023-12-14T13:20:12+00:00","og_image":[{"url":"http:\/\/nympnuo.cluster028.hosting.ovh.net\/wp-content\/uploads\/2023\/12\/photo_syl_0319-1-1024x678.jpg"}],"twitter_card":"summary_large_image","twitter_misc":{"Est. reading time":"1 minute"},"schema":{"@context":"https:\/\/schema.org","@graph":[{"@type":"WebPage","@id":"https:\/\/www.moveandgolf.com\/index.php\/qui-suis-je\/","url":"https:\/\/www.moveandgolf.com\/index.php\/qui-suis-je\/","name":"Qui suis-je ? - Move and Golf","isPartOf":{"@id":"https:\/\/www.moveandgolf.com\/#website"},"datePublished":"2023-12-06T20:16:28+00:00","dateModified":"2023-12-14T13:20:12+00:00","breadcrumb":{"@id":"https:\/\/www.moveandgolf.com\/index.php\/qui-suis-je\/#breadcrumb"},"inLanguage":"en-US","potentialAction":[{"@type":"ReadAction","target":["https:\/\/www.moveandgolf.com\/index.php\/qui-suis-je\/"]}]},{"@type":"BreadcrumbList","@id":"https:\/\/www.moveandgolf.com\/index.php\/qui-suis-je\/#breadcrumb","itemListElement":[{"@type":"ListItem","position":1,"name":"Accueil","item":"https:\/\/www.moveandgolf.com\/"},{"@type":"ListItem","position":2,"name":"Qui suis-je ?"}]},{"@type":"WebSite","@id":"https:\/\/www.moveandgolf.com\/#website","url":"https:\/\/www.moveandgolf.com\/","name":"Move and Golf","description":"Sylvain Deroo","publisher":{"@id":"https:\/\/www.moveandgolf.com\/#organization"},"potentialAction":[{"@type":"SearchAction","target":{"@type":"EntryPoint","urlTemplate":"https:\/\/www.moveandgolf.com\/?s={search_term_string}"},"query-input":"required name=search_term_string"}],"inLanguage":"en-US"},{"@type":"Organization","@id":"https:\/\/www.moveandgolf.com\/#organization","name":"Move and Golf","url":"https:\/\/www.moveandgolf.com\/","logo":{"@type":"ImageObject","inLanguage":"en-US","@id":"https:\/\/www.moveandgolf.com\/#\/schema\/logo\/image\/","url":"https:\/\/www.moveandgolf.com\/wp-content\/uploads\/2023\/12\/Noir-et-Blanc-Encadre-Future-DJ-Logo.png","contentUrl":"https:\/\/www.moveandgolf.com\/wp-content\/uploads\/2023\/12\/Noir-et-Blanc-Encadre-Future-DJ-Logo.png","width":500,"height":500,"caption":"Move and Golf"},"image":{"@id":"https:\/\/www.moveandgolf.com\/#\/schema\/logo\/image\/"}}]}},"_links":{"self":[{"href":"https:\/\/www.moveandgolf.com\/index.php\/wp-json\/wp\/v2\/pages\/564","targetHints":{"allow":["GET"]}}],"collection":[{"href":"https:\/\/www.moveandgolf.com\/index.php\/wp-json\/wp\/v2\/pages"}],"about":[{"href":"https:\/\/www.moveandgolf.com\/index.php\/wp-json\/wp\/v2\/types\/page"}],"author":[{"embeddable":true,"href":"https:\/\/www.moveandgolf.com\/index.php\/wp-json\/wp\/v2\/users\/1"}],"replies":[{"embeddable":true,"href":"https:\/\/www.moveandgolf.com\/index.php\/wp-json\/wp\/v2\/comments?post=564"}],"version-history":[{"count":82,"href":"https:\/\/www.moveandgolf.com\/index.php\/wp-json\/wp\/v2\/pages\/564\/revisions"}],"predecessor-version":[{"id":716,"href":"https:\/\/www.moveandgolf.com\/index.php\/wp-json\/wp\/v2\/pages\/564\/revisions\/716"}],"wp:attachment":[{"href":"https:\/\/www.moveandgolf.com\/index.php\/wp-json\/wp\/v2\/media?parent=564"}],"curies":[{"name":"wp","href":"https:\/\/api.w.org\/{rel}","templated":true}]}}